{"id":653,"date":"2024-03-04T05:38:07","date_gmt":"2024-03-04T04:38:07","guid":{"rendered":"https:\/\/www.institut-athos.at\/?page_id=653"},"modified":"2024-03-04T17:01:10","modified_gmt":"2024-03-04T16:01:10","slug":"impressum","status":"publish","type":"page","link":"https:\/\/www.institut-athos.at\/en\/impressum\/","title":{"rendered":"Impressum"},"content":{"rendered":"\n<div class=\"wp-block-columns is-layout-flex wp-container-core-columns-is-layout-28f84493 wp-block-columns-is-layout-flex\">\n<div class=\"wp-block-column is-layout-flow wp-block-column-is-layout-flow\" style=\"flex-basis:66.66%\">\n<p>Informationspflicht lt. \u00a75 Abs. 1 E-Commerce-Gesetz und Offenlegungspflicht gem\u00e4\u00df Mediengesetz \u00a7 25<\/p>\n\n\n\n<h5 class=\"wp-block-heading\">Medieninhaber:<\/h5>\n\n\n\n<p>ATHOS Prof. Dr. Helmut Sinzinger KG<br>Institut zur Diagnose und Therapie von<br>Fettstoffwechselst\u00f6rungen und Atherosklerose<br>Nadlergasse 1<br>1090 Wien<br>Austria<\/p>\n\n\n\n<p>E-Mail: <a href=\"mailto:office@institut-athos.at\">office@institut-athos.at<\/a><br><br>Telefon: +43 699 1408 26 33<br><br>Fax: +43 (0)1 \/ 408 13 66<\/p>\n\n\n\n<h5 class=\"wp-block-heading\">Firmenbuchnummer:<\/h5>\n\n\n\n<p>FN156762h &#8211; Handelsgericht Wien<\/p>\n\n\n\n<p><\/p>\n\n\n\n<h5 class=\"wp-block-heading\">Kammer:<\/h5>\n\n\n\n<p>Wirtschaftskammer<\/p>\n\n\n\n<h5 class=\"wp-block-heading\">UID-Nummer:<\/h5>\n\n\n\n<p>ATU 43348105<\/p>\n\n\n\n<h5 class=\"wp-block-heading\">Bankverbindung:<\/h5>\n\n\n\n<p>Landeshypobank f. N\u00d6<br>BLZ 53000<br>Kto-Nr: 0155-009993<\/p>\n\n\n\n<h5 class=\"wp-block-heading\">Webdesign und laufende Betreuung:<\/h5>\n\n\n\n<p>Werbeagentur JUSTGRAPHICS e.U.<\/p>\n\n\n\n<h5 class=\"wp-block-heading\">Rechtlicher Hinweis:<\/h5>\n\n\n\n<p>Diese Webseite mit s\u00e4mtlichen Designs und Inhalten ist urheberrechtlich gesch\u00fctzt. Eine Verwertung zu privaten, kommerziellen oder politischen Zwecken, im Ganzen, auszugsweise oder auch in ver\u00e4nderter Form ist untersagt und bedarf der vorherigen schriftlichen Zustimmung von ATHOS \u2013 Prof. Dr. Sinzinger KG.<\/p>\n\n\n\n<p>Copyright:<br>Institut ATHOS \u2013 Prof. Dr. Sinzinger KG.<\/p>\n<\/div>\n\n\n\n<div class=\"wp-block-column is-layout-flow wp-block-column-is-layout-flow\" style=\"flex-basis:33.33%\">\n<figure class=\"wp-block-image aligncenter size-full\"><img loading=\"lazy\" decoding=\"async\" width=\"281\" height=\"308\" src=\"https:\/\/www.institut-athos.at\/wp-content\/uploads\/2024\/03\/impressum.jpg\" alt=\"\" class=\"wp-image-654\" srcset=\"https:\/\/www.institut-athos.at\/wp-content\/uploads\/2024\/03\/impressum.jpg 281w, https:\/\/www.institut-athos.at\/wp-content\/uploads\/2024\/03\/impressum-274x300.jpg 274w\" sizes=\"auto, (max-width: 281px) 100vw, 281px\" \/><\/figure>\n<\/div>\n<\/div>\n","protected":false},"excerpt":{"rendered":"<p>Informationspflicht lt. \u00a75 Abs. 1 E-Commerce-Gesetz und Offenlegungspflicht gem\u00e4\u00df Mediengesetz \u00a7 25 Medieninhaber: ATHOS Prof. Dr. Helmut Sinzinger KGInstitut zur<\/p>\n","protected":false},"author":1,"featured_media":0,"parent":0,"menu_order":0,"comment_status":"closed","ping_status":"closed","template":"","meta":{"footnotes":""},"class_list":["post-653","page","type-page","status-publish","hentry"],"translation":{"provider":"WPGlobus","version":"2.12.2","language":"en","enabled_languages":["de","en"],"languages":{"de":{"title":true,"content":true,"excerpt":false},"en":{"title":false,"content":false,"excerpt":false}}},"_links":{"self":[{"href":"https:\/\/www.institut-athos.at\/en\/wp-json\/wp\/v2\/pages\/653","targetHints":{"allow":["GET"]}}],"collection":[{"href":"https:\/\/www.institut-athos.at\/en\/wp-json\/wp\/v2\/pages"}],"about":[{"href":"https:\/\/www.institut-athos.at\/en\/wp-json\/wp\/v2\/types\/page"}],"author":[{"embeddable":true,"href":"https:\/\/www.institut-athos.at\/en\/wp-json\/wp\/v2\/users\/1"}],"replies":[{"embeddable":true,"href":"https:\/\/www.institut-athos.at\/en\/wp-json\/wp\/v2\/comments?post=653"}],"version-history":[{"count":4,"href":"https:\/\/www.institut-athos.at\/en\/wp-json\/wp\/v2\/pages\/653\/revisions"}],"predecessor-version":[{"id":684,"href":"https:\/\/www.institut-athos.at\/en\/wp-json\/wp\/v2\/pages\/653\/revisions\/684"}],"wp:attachment":[{"href":"https:\/\/www.institut-athos.at\/en\/wp-json\/wp\/v2\/media?parent=653"}],"curies":[{"name":"wp","href":"https:\/\/api.w.org\/{rel}","templated":true}]}}