{"id":551,"date":"2024-02-25T00:56:40","date_gmt":"2024-02-24T23:56:40","guid":{"rendered":"https:\/\/www.institut-athos.at\/?page_id=551"},"modified":"2024-03-31T12:13:30","modified_gmt":"2024-03-31T10:13:30","slug":"therapie","status":"publish","type":"page","link":"https:\/\/www.institut-athos.at\/en\/therapie\/","title":{"rendered":"Therapy"},"content":{"rendered":"<hr \/>\n\n\n<h3 class=\"wp-block-heading\">Nourishment<\/h3>\n\n\n\n<div class=\"wp-block-columns is-layout-flex wp-container-core-columns-is-layout-28f84493 wp-block-columns-is-layout-flex\">\n<div class=\"wp-block-column is-layout-flow wp-block-column-is-layout-flow\" style=\"flex-basis:66.66%\">\n<p>After a nutritional protocol has been established, it is easy to identify the &#8220;sins&#8221; and to develop a modification of the lifestyle.<\/p>\n<\/div>\n\n\n\n<div class=\"wp-block-column is-layout-flow wp-block-column-is-layout-flow\" style=\"flex-basis:33.33%\">\n<figure class=\"wp-block-image aligncenter size-full\"><img loading=\"lazy\" decoding=\"async\" width=\"283\" height=\"243\" style=\"border: 1px solid #ffffff;\" src=\"https:\/\/www.institut-athos.at\/wp-content\/uploads\/2024\/02\/photo8.jpg\" alt=\"\" class=\"wp-image-552\"\/><\/figure>\n<\/div>\n<\/div>\n\n\n\n<hr\/>\n\n\n\n<h3 class=\"wp-block-heading\">Medicinal<\/h3>\n\n\n\n<div class=\"wp-block-columns is-layout-flex wp-container-core-columns-is-layout-28f84493 wp-block-columns-is-layout-flex\">\n<div class=\"wp-block-column is-layout-flow wp-block-column-is-layout-flow\" style=\"flex-basis:66.66%\">\n<p>If sufficient nutritional change is not sufficient to reach the appropriate target values (table), additional (combination) drug therapy is required.<\/p>\n\n\n\n<p>If a vascular event has already occurred, the drug therapy must be initiated<br>immediately and maintained for a period of time (under regular control).<\/p>\n\n\n\n<p><strong><strong>arget values of lipid therapy<\/strong><\/strong><\/p>\n\n\n\n<figure class=\"wp-block-table\"><table><tbody><tr><td>Parameter<\/td><td>Prevention<\/td><td>Therapy<\/td><\/tr><tr><td>CH<\/td><td>&lt; 200<\/td><td>&lt; 160<\/td><\/tr><tr><td>HDL<\/td><td>&gt; 50<\/td><td>&gt; 50<\/td><\/tr><tr><td>LDL\u00b2<\/td><td>&lt; 130<\/td><td>&lt; 100<\/td><\/tr><tr><td>CH\/HDL<\/td><td>&lt; 5<\/td><td>&lt; 3<\/td><\/tr><tr><td>TG<\/td><td>&lt; 200<\/td><td>&lt; 200<\/td><\/tr><tr><td>Lp(a)<\/td><td>&lt; 30<\/td><td>&lt; 30<\/td><\/tr><tr><td>non-HDL-CH*\u00b2<\/td><td>&lt; 160<\/td><td>&lt; 130<\/td><\/tr><tr><td>non HDL-Lp**\u00b2<\/td><td>&lt; 190<\/td><td>&lt; 160<\/td><\/tr><\/tbody><\/table><\/figure>\n<\/div>\n\n\n\n<div class=\"wp-block-column is-layout-flow wp-block-column-is-layout-flow\" style=\"flex-basis:33.33%\">\n<figure class=\"wp-block-image aligncenter size-full\"><img loading=\"lazy\" decoding=\"async\" width=\"283\" height=\"243\" style=\"border: 1px solid #ffffff;\" src=\"https:\/\/www.institut-athos.at\/wp-content\/uploads\/2024\/02\/photo9.jpg\" alt=\"\" class=\"wp-image-566\"\/><\/figure>\n<\/div>\n<\/div>\n\n\n\n<p>CH = Cholesterol;<br>HDL = high-density Lipoprotein;<br>LDL = low-density Lipoprotein;<br>TG= Triglyceride;<br>Lp(a) = Lipoprotein(a);<br>all limits (except CH\/HDL) in mg\/dl;<br>CH: 1 mmol\/l = 38.7 mg\/dl;<br>TG: 1 mmol\/l = 88.6 mg\/dl;<\/p>\n\n\n\n<p>* non-HDL-Cholesterol (Cholesterol \u2013 HDL cholesterol) is easier and cheaper to calculate than LDL cholesterol for risk assessment (assessment of a future vascular event or death);<\/p>\n\n\n\n<p>** the inclusion of Lp (a) for which a value of max. 30 mg \/ dl is the best way to take into account the risk of increased Lp (a) for the therapy decision;<\/p>\n\n\n\n<p>\u00b9optimal: &lt; 150; \u00b230-er Regel (Differenz Prim\u00e4r- vs. Sekund\u00e4rpr\u00e4vention)ptimal: &lt; 150; \u00b230 Rule (Difference between primary and secondary prevention)<\/p>\n\n\n\n<hr\/>\n\n\n\n<h3 class=\"wp-block-heading\">Lipoprotein Apheresis<\/h3>\n\n\n\n<div class=\"wp-block-columns is-layout-flex wp-container-core-columns-is-layout-28f84493 wp-block-columns-is-layout-flex\">\n<div class=\"wp-block-column is-layout-flow wp-block-column-is-layout-flow\" style=\"flex-basis:66.66%\">\n<p>In those patients (extremely rare cases) who are unable to achieve the appropriate target values with a dietary and combined drug therapy, lipoproteinapheresis (blood wash) is required.<\/p>\n\n\n\n<p><\/p>\n\n\n\n<p>This is usually done at weekly intervals at specialized centers, such as: at ATHOS.<\/p>\n<\/div>\n\n\n\n<div class=\"wp-block-column is-layout-flow wp-block-column-is-layout-flow\" style=\"flex-basis:33.33%\">\n<figure class=\"wp-block-image aligncenter size-full\"><img loading=\"lazy\" decoding=\"async\" width=\"283\" height=\"425\" style=\"border: 1px solid #ffffff;\"  src=\"https:\/\/www.institut-athos.at\/wp-content\/uploads\/2024\/02\/photo10.jpg\" alt=\"\" class=\"wp-image-584\" srcset=\"https:\/\/www.institut-athos.at\/wp-content\/uploads\/2024\/02\/photo10.jpg 283w, https:\/\/www.institut-athos.at\/wp-content\/uploads\/2024\/02\/photo10-200x300.jpg 200w\" sizes=\"auto, (max-width: 283px) 100vw, 283px\" \/><\/figure>\n<\/div>\n<\/div>\n\n\n\n<h5 class=\"wp-block-heading\">WEITER ZU:<\/h5>\n\n\n\n<ul class=\"wp-block-list\">\n<li><a href=\"\/en\/lipoproteinapherese\/\">Lipoprotein Apheresis<\/a><\/li>\n\n\n\n<li><a href=\"\/en\/\/ernaehrungsberatung\/\" data-type=\"link\" data-id=\"https:\/\/www.institut-athos.at\/?page_id=525\">Nutrition Counseling<\/a><\/li>\n\n\n\n<li><a href=\"\/en\/terminvereinbarung\/\">Appointment<\/a><\/li>\n\n\n\n<li><a href=\"\/en\/liegeplan-und-anfahrt\/\">Map and Directions<\/a><\/li>\n<\/ul>\n","protected":false},"excerpt":{"rendered":"<p>Nourishment After a nutritional protocol has been established, it is easy to identify the &#8220;sins&#8221; and to develop a modification<\/p>\n","protected":false},"author":1,"featured_media":0,"parent":0,"menu_order":0,"comment_status":"closed","ping_status":"closed","template":"","meta":{"footnotes":""},"class_list":["post-551","page","type-page","status-publish","hentry"],"translation":{"provider":"WPGlobus","version":"2.12.2","language":"en","enabled_languages":["de","en"],"languages":{"de":{"title":true,"content":true,"excerpt":false},"en":{"title":true,"content":true,"excerpt":false}}},"_links":{"self":[{"href":"https:\/\/www.institut-athos.at\/en\/wp-json\/wp\/v2\/pages\/551","targetHints":{"allow":["GET"]}}],"collection":[{"href":"https:\/\/www.institut-athos.at\/en\/wp-json\/wp\/v2\/pages"}],"about":[{"href":"https:\/\/www.institut-athos.at\/en\/wp-json\/wp\/v2\/types\/page"}],"author":[{"embeddable":true,"href":"https:\/\/www.institut-athos.at\/en\/wp-json\/wp\/v2\/users\/1"}],"replies":[{"embeddable":true,"href":"https:\/\/www.institut-athos.at\/en\/wp-json\/wp\/v2\/comments?post=551"}],"version-history":[{"count":24,"href":"https:\/\/www.institut-athos.at\/en\/wp-json\/wp\/v2\/pages\/551\/revisions"}],"predecessor-version":[{"id":848,"href":"https:\/\/www.institut-athos.at\/en\/wp-json\/wp\/v2\/pages\/551\/revisions\/848"}],"wp:attachment":[{"href":"https:\/\/www.institut-athos.at\/en\/wp-json\/wp\/v2\/media?parent=551"}],"curies":[{"name":"wp","href":"https:\/\/api.w.org\/{rel}","templated":true}]}}