{"id":3,"date":"2024-01-04T17:14:47","date_gmt":"2024-01-04T16:14:47","guid":{"rendered":"https:\/\/www.institut-athos.at\/?page_id=3"},"modified":"2024-03-04T06:20:27","modified_gmt":"2024-03-04T05:20:27","slug":"datenschutzerklaerung","status":"publish","type":"page","link":"https:\/\/www.institut-athos.at\/en\/datenschutzerklaerung\/","title":{"rendered":"Datenschutzerkl\u00e4rung"},"content":{"rendered":"\n<h2 class=\"wp-block-heading\">Wer wir sind<\/h2>\n\n\n\n<p>Die Adresse unserer Website ist: https:\/\/www.institut-athos.at.<\/p>\n\n\n\n<h2 class=\"wp-block-heading\">Datenschutz<\/h2>\n\n\n\n<p>Wir legen gro\u00dfen Wert auf den Schutz Ihrer Daten. Um Sie in vollem Umfang \u00fcber die Verwendung personenbezogener Daten zu informieren, bitten wir Sie die folgenden Datenschutzhinweise zur Kenntnis zu nehmen. Pers\u00f6nliche Daten Pers\u00f6nliche Daten, die Sie auf dieser Website elektronisch \u00fcbermitteln, wie zum Beispiel Ihren Namen, E-Mail-Adresse, Adresse oder andere pers\u00f6nlichen Angaben, werden von uns nur zum jeweils angegebenen Zweck verwendet, sicher verwahrt und nicht an Dritte weitergegeben. Der Provider erhebt und speichert automatisch Informationen am Webserver wie verwendeter Browser, Betriebssystem, Verweisseite, IP-Adresse, Uhrzeit des Zugriffs usw. Diese Daten k\u00f6nnen ohne Pr\u00fcfung weiterer Datenquellen keinen bestimmten Personen zugeordnet werden und wir werten diese Daten auch nicht weiter aus solange keine rechtswidrige Nutzung unserer Webseite vorliegt.<\/p>\n\n\n\n<h2 class=\"wp-block-heading\">Protokollierung<\/h2>\n\n\n\n<p>Der Provider der Seiten erhebt und speichert automatisch Informationen in so genannten Server-Log Files (Protokoldateien), die Ihr Browser automatisch an uns \u00fcbermittelt. Der Web-Server f\u00fcr die Homepages www.institut-athos.at. wird durch das Rechenzentrum von magenta.at betrieben. Je nach verwendetem Zugriffsprotokoll beinhalten die Protokolldateien auf dem Webserver folgende Daten: \u2013 IP-Adresse des anfordernden Rechners \u2013 Datum und Uhrzeit der Anforderung \u2013 vom anfordernden Rechner gew\u00fcnschte Zugriffsmethode\/Funktion \u2013 vom anfordernden Rechner \u00fcbermittelte Eingabewerte (Dateiname, \u2026) \u2013 Zugriffsstatus des Web-Servers (Datei \u00fcbertragen, Datei nicht gefunden, Kommando nicht ausgef\u00fchrt, etc.) \u2013 Name der angeforderten Datei Die gespeicherten Daten werden zu Zwecken der Identifikation und Nachverfolgung unzul\u00e4ssiger Zugriffsversuche und Zugriffe auf den Web-Server verwendet. Die protokollierten Daten werden im Anschluss an die statistische Auswertung gel\u00f6scht.<\/p>\n\n\n\n<h2 class=\"wp-block-heading\">Cookies<\/h2>\n\n\n\n<p>Cookies sind kleine Dateien, die es dieser Webseite erm\u00f6glichen auf dem Computer des Besuchers spezifische, auf den Nutzer bezogene Informationen zu speichern, w\u00e4hrend unsere Website besucht wird. Cookies helfen uns dabei, die Nutzungsh\u00e4ufigkeit und die Anzahl der Nutzer unserer Internetseiten zu ermitteln, sowie unsere Angebote f\u00fcr Sie komfortabel und effizient zu gestalten. Wir verwenden einerseits Session-Cookies, die ausschlie\u00dflich f\u00fcr die Dauer Ihrer Nutzung unserer Website zwischengespeichert werden und zum anderen permanente Cookies, um Informationen \u00fcber Besucher festzuhalten, die wiederholt auf unsere Website zugreifen. Der Zweck des Einsatzes dieser Cookies besteht darin, eine optimale Benutzerf\u00fchrung anbieten zu k\u00f6nnen sowie Besucher wiederzuerkennen und bei wiederholter Nutzung eine m\u00f6glichst attraktive Website und interessante Inhalte pr\u00e4sentieren zu k\u00f6nnen. Der Inhalt eines permanenten Cookies beschr\u00e4nkt sich auf eine Identifikationsnummer. Name, IP-Adresse usw. werden nicht gespeichert. Eine Einzelprofilbildung \u00fcber Ihr Nutzungsverhalten findet nicht statt. Eine Nutzung unserer Angebote ist auch ohne Cookies m\u00f6glich. Sie k\u00f6nnen in Ihrem Browser das Speichern von Cookies deaktivieren, auf bestimmte Webseiten beschr\u00e4nken oder Ihren Webbrowser (Chrome, IE, Firefox,\u2026) so einstellen, dass er sie benachrichtigt, sobald ein Cookie gesendet wird. Sie k\u00f6nnen Cookies auch jederzeit von der Festplatte ihres PC l\u00f6schen. Bitte beachten Sie aber, dass Sie in diesem Fall mit einer eingeschr\u00e4nkten Darstellung der Seite und mit einer eingeschr\u00e4nkten Benutzerf\u00fchrung rechnen m\u00fcssen.<\/p>\n\n\n\n<h2 class=\"wp-block-heading\">Eingebettete Inhalte von anderen Websites<\/h2>\n\n\n\n<p>Beitr\u00e4ge auf dieser Website k\u00f6nnen eingebettete Inhalte beinhalten (z.\u00a0B. Videos, Bilder, Beitr\u00e4ge etc.). Eingebettete Inhalte von anderen Websites verhalten sich exakt so, als ob der Besucher die andere Website besucht h\u00e4tte. Diese Websites k\u00f6nnen Daten \u00fcber dich sammeln, Cookies benutzen, zus\u00e4tzliche Tracking-Dienste von Dritten einbetten und deine Interaktion mit diesem eingebetteten Inhalt aufzeichnen, inklusive deiner Interaktion mit dem eingebetteten Inhalt, falls du ein Konto hast und auf dieser Website angemeldet bist.<\/p>\n\n\n\n<h2 class=\"wp-block-heading\">Haftungsausschluss<\/h2>\n\n\n\n<p>Dieser Haftungsausschluss ist als Teil des Internetangebotes zu betrachten, von dem aus auf diese Webseite verwiesen wurde. Sofern Teile oder einzelne Formulierungen dieses Textes der geltenden Rechtslage nicht, nicht mehr oder nicht vollst\u00e4ndig entsprechen sollten, bleiben die \u00fcbrigen Teile des Dokumentes in ihrem Inhalt und ihrer G\u00fcltigkeit davon unber\u00fchrt. Haftung f\u00fcr Inhalte dieser Webseite Die Inhalte unserer Seiten wurden mit gr\u00f6\u00dfter Sorgfalt erstellt. F\u00fcr die Richtigkeit, Vollst\u00e4ndigkeit und Aktualit\u00e4t der Inhalte k\u00f6nnen wir jedoch keine Gew\u00e4hr \u00fcbernehmen. Als Diensteanbieter sind wir f\u00fcr eigene Inhalte auf diesen Seiten nach den allgemeinen Gesetzen verantwortlich. Wir sind jedoch nicht verpflichtet, \u00fcbermittelte oder gespeicherte fremde Informationen zu \u00fcberwachen oder nach Umst\u00e4nden zu forschen, die auf eine rechtswidrige T\u00e4tigkeit hinweisen. Verpflichtungen zur Entfernung oder Sperrung der Nutzung von Informationen nach den allgemeinen Gesetzen bleiben hiervon unber\u00fchrt. Eine diesbez\u00fcgliche Haftung ist jedoch erst ab dem Zeitpunkt der Kenntnis einer konkreten Rechtsverletzung m\u00f6glich. Bei Bekanntwerden von entsprechenden Rechtsverletzungen werden wir diese Inhalte umgehend entfernen. Haftung f\u00fcr Links auf Webseiten Dritter Unser Angebot enth\u00e4lt Links zu externen Webseiten Dritter, auf deren Inhalte wir keinen Einfluss haben. Deshalb k\u00f6nnen wir f\u00fcr diese fremden Inhalte auch keine Gew\u00e4hr \u00fcbernehmen. F\u00fcr die Inhalte der verlinkten Seiten ist stets der jeweilige Anbieter oder Betreiber der Seiten verantwortlich. Die verlinkten Seiten wurden zum Zeitpunkt der Verlinkung auf m\u00f6gliche Rechtsverst\u00f6\u00dfe \u00fcberpr\u00fcft. Rechtswidrige Inhalte waren zum Zeitpunkt der Verlinkung nicht erkennbar. Eine permanente inhaltliche Kontrolle der verlinkten Seiten ist jedoch ohne konkrete Anhaltspunkte einer Rechtsverletzung nicht zumutbar. Bei Bekanntwerden von Rechtsverletzungen werden wir derartige Links umgehend entfernen.<\/p>\n\n\n\n<h2 class=\"wp-block-heading\">Urheberrecht<\/h2>\n\n\n\n<p>Die Betreiber dieser Webseite sind bem\u00fcht, stets die Urheberrechte anderer zu beachten bzw. auf selbst erstellte sowie lizenzfreie Werke zur\u00fcckzugreifen. Die durch die Seitenbetreiber erstellten Inhalte und Werke auf dieser Webseite unterliegen dem Urheberrecht. Beitr\u00e4ge Dritter sind als solche gekennzeichnet. Die Vervielf\u00e4ltigung, Bearbeitung, Verbreitung und jede Art der Verwertung au\u00dferhalb der Grenzen des Urheberrechtes bed\u00fcrfen der schriftlichen Zustimmung des jeweiligen Autors bzw. Erstellers. Downloads und Kopien dieser Seite sind nur f\u00fcr den privaten, nicht kommerziellen Gebrauch gestattet.<\/p>\n\n\n\n<h2 class=\"wp-block-heading\">Auskunftsrecht<\/h2>\n\n\n\n<p>Sie haben jederzeit das Recht auf Auskunft \u00fcber die bez\u00fcglich Ihrer Person gespeicherten Daten, deren Herkunft und Empf\u00e4nger sowie den Zweck der Speicherung. Angaben zur Online-Streitbeilegung: Verbraucher haben die M\u00f6glichkeit, Beschwerden an die OnlineStreitbeilegungsplattform der EU zu richten: http:\/\/ec.europa.eu\/odr. Sie k\u00f6nnen allf\u00e4llige Beschwerde auch an die oben angegebene E-Mail-Adresse richten.<\/p>\n","protected":false},"excerpt":{"rendered":"<p>Wer wir sind Die Adresse unserer Website ist: https:\/\/www.institut-athos.at. Datenschutz Wir legen gro\u00dfen Wert auf den Schutz Ihrer Daten. Um<\/p>\n","protected":false},"author":1,"featured_media":0,"parent":0,"menu_order":0,"comment_status":"closed","ping_status":"open","template":"","meta":{"footnotes":""},"class_list":["post-3","page","type-page","status-publish","hentry"],"translation":{"provider":"WPGlobus","version":"2.12.2","language":"en","enabled_languages":["de","en"],"languages":{"de":{"title":true,"content":true,"excerpt":false},"en":{"title":false,"content":false,"excerpt":false}}},"_links":{"self":[{"href":"https:\/\/www.institut-athos.at\/en\/wp-json\/wp\/v2\/pages\/3","targetHints":{"allow":["GET"]}}],"collection":[{"href":"https:\/\/www.institut-athos.at\/en\/wp-json\/wp\/v2\/pages"}],"about":[{"href":"https:\/\/www.institut-athos.at\/en\/wp-json\/wp\/v2\/types\/page"}],"author":[{"embeddable":true,"href":"https:\/\/www.institut-athos.at\/en\/wp-json\/wp\/v2\/users\/1"}],"replies":[{"embeddable":true,"href":"https:\/\/www.institut-athos.at\/en\/wp-json\/wp\/v2\/comments?post=3"}],"version-history":[{"count":1,"href":"https:\/\/www.institut-athos.at\/en\/wp-json\/wp\/v2\/pages\/3\/revisions"}],"predecessor-version":[{"id":661,"href":"https:\/\/www.institut-athos.at\/en\/wp-json\/wp\/v2\/pages\/3\/revisions\/661"}],"wp:attachment":[{"href":"https:\/\/www.institut-athos.at\/en\/wp-json\/wp\/v2\/media?parent=3"}],"curies":[{"name":"wp","href":"https:\/\/api.w.org\/{rel}","templated":true}]}}